{"id":5780,"date":"2025-08-04T15:37:30","date_gmt":"2025-08-04T15:37:30","guid":{"rendered":"https:\/\/peurmeletrecutului.ro\/?page_id=5780"},"modified":"2025-08-04T15:41:40","modified_gmt":"2025-08-04T15:41:40","slug":"politica-de-utilizare-a-cookie-urilor","status":"publish","type":"page","link":"https:\/\/peurmeletrecutului.ro\/en\/politica-de-utilizare-a-cookie-urilor\/","title":{"rendered":"Cookie Policy"},"content":{"rendered":"Site-ul peurmeletrecutului.ro\u00a0utilizeaza cookie-uri.\r\n\r\nlnformatiile prezentate in continuare au scopul de a aduce la cunostinta utilizatorului mai multe detalii despre plasarea, utilizarea si administrarea &#8222;cookie&#8221;-urilor utilizate de site-ul peurmeletrecutului.ro. De asemenea, sunt prezente si cateva linkuri utile legate de acest subiect. In cazul in care aveti nevoie de mai multe informatii, si ele nu se regasesc mai jos, ne puteti contacta la: contact@peurmeletrecutului.ro\r\n\r\nVa rugam sa cititi cu atentie informatiile care urmeaza:\r\n\r\nAcest website foloseste cookie-uri proprii si ale unor terti pentru a furniza vizitatorilor o experienta mult mai buna de navigare si servicii adaptate nevoilor si interesului fiecaruia.\r\n\r\nIn ceea ce numim &#8222;web 2.0&#8221;, &#8222;cookie&#8221;-urile joaca un rol important in facilitarea accesului si livrarii multiplelor servicii de care utilizatorul se bucura pe internet, cum ar fi:\r\n<ul>\r\n \t<li>Personalizarea anumitor setari precum: limba in care este vizualizat un site, moneda in care se exprima anumite preturi sau ta rife, pastrarea optiunilor pentru diverse produse (masuri, alte detalii etc) in cosul de cumparaturi (si memorarea acestor optiuni) &#8211; generandu-se astfel flexibilitatea &#8222;cosului de cumparaturi&#8221; (accesarea preferintelor vechi prin accesarea butonului &#8222;inainte&#8221; si &#8222;inapoi&#8221;)<\/li>\r\n \t<li>Cookie-urile ofera detinatorilor de site-uri un feedback valoros asupra modului cum sunt utilizate site-urile lor de catre utilizatori, astfel incat sa le poata face si mai eficiente si mai accesibile pentru utilizatori.<\/li>\r\n \t<li>Permit aplicatiilor multimedia sau de alt tip de pe alte site-uri sa fie incluse intr-un anumit site pentru a crea o experienta de navigare mai valoroasa, mai utila si mai placuta;<\/li>\r\n \t<li>lmbunatatesc eficienta publicitatii online.<\/li>\r\n<\/ul>\r\n<h4 class=\"wp-block-heading\">Ce este un &#8222;cookie&#8221;?<\/h4>\r\nUn &#8222;Internet Cookie&#8221; (termen cunoscut si ca &#8222;browser cookie&#8221; sau &#8222;HTTP cookie&#8221; sau pur si simplu &#8222;cookie&#8221; ) este un fisier de mici dimensiuni,format din litere si numere, care va fi stocat pe computerul, terminalul mobil sau alte echipamente ale unui utilizator de pe care se acceseaza lnternetul.\r\n\r\nCookie-ul este instalat prin solicitara emisa de catre un web-server unui browser (ex: Internet Explorer, Chrome) si este complet &#8222;pasiv&#8221; (nu contine programe software, virusi sau spyware si nu poate accesa informatiile de pe hard driveul utilizatorului).\r\n\r\nUn cookie este format din 2 parti: numele si continutul sau valoarea cookie-ului. Mai mult, durata de existenta a unui cookie este determinata; tehnic, doar webserverul care a trim is cookie-ul ii poate accesa din nou in momentul in care un utilizator se intoarce pe website-ul asociat webserverului respectiv.\r\n\r\nCookie-urile in sine nu solicita informatii cu caracter personal pentru a putea fi utilizate si,in cele mai multe cazuri, nu identifica personal utilizatorii de internet.\r\n\r\nExista 2 categorii mari de cookie-uri:\r\n<ul>\r\n \t<li>Cookieuri de sesiune -acestea sunt stocate temporar in dosarul de cookie-uri al browserului web pentru ca acesta sa le memoreze pana cand utilizatorul iese de pe web-siteul respectiv sau inchide fereastra browserului ( ex: in momentul logarii\/delogarii pe un cont de webmail sau pe retele de socializare).<\/li>\r\n \t<li>Cookieuri Persistente &#8211; Acestea sunt stocate pe hard-drive-ul unui computer sau echipament (si in general depinde de durata de viata prestabilita pentru cookie). Cookie-urile persistente le includ si pe cele plasate de un alt website decat eel pe care ii viziteaza utilizatorul la momentul respectiv -cunoscute sub numele de &#8216;third party cookies&#8217; (cookieuri plasate de terti) -care pot fi folosite in mod anonim pentru a memora interesele unui utilizator, astfel incat sa fie livrata publicitate cat mai relevanta pentru utilizatori.<\/li>\r\n<\/ul>\r\n<h4>Care sunt avantajele cookie-urilor?<\/h4>\r\nUn cookie contine informatii care fac legatura intre un web-browser (utilizatorul) si un web-server anume (website-ul). Daca un browser acceseaza acel web-server din nou, acesta poate citi informatia deja stocata si reactiona in consecinta. Cookie-urile asigura userilor o experienta placuta de navigare si sustin eforturile multor websiteuri pentru a oferi servicii confortabile utilizatorillor: ex &#8211; preferintele in materie de confidentialitate online, optiunile privind limba site-ului,cosuri de cumparaturi sau publicitate relevanta.\r\n<h4>Care este durata de viata a unui cookie?<\/h4>\r\nCookieurile sunt administrate de webservere. Durata de viata a unui cookie poate varia semnificativ, depinzand de scopul pentru care este plasat. Unele cookie-uri sunt folosite exclusive pentru o singura sesiune (session cookies) si nu mai sunt retinute odata de utilizatorul a parasite website-ul si unele cookie-uri sunt retinute si refolosite de fiecare data cand utilizatorul revine pe acel website (&#8216;cookie-uri permanente&#8217;). Cu toate aceste, cookie-urile pot fi sterse de un utilizator in orice moment prin intermediul setarilor browserului.\r\n<h4>Ce sunt cookie-urile plasate de terti?<\/h4>\r\nAnumite sectiuni de continut de pe unele site-uri pot fi furnizate prin intermediul unor terte parti\/ furnizori (ex: news box, un video sau o reclama). Aceste terte parti pot plasa de asemenea cookieuri prin intermediul site-ului si ele se numesc &#8222;third party cookies&#8221; pentru ca nu sunt plasate de proprietarul website-ului respectiv. Furnizorii terti trebuie sa respecte de asemenea legea in vigoare si politicile de confidentialitate ale detinatorului site-ului.\r\n<h4>Cum sunt folosite cookie-urile de catre acest site<\/h4>\r\nO vizita pe acest site poate plasa cookie-uri in scopuri de:\r\n<blockquote><b>Cookie-uri de sesiune utilizator<\/b>\u00a0 &#8211; Cookie-uri de sesiune care ne ajut\u0103 s\u0103 facem diferen\u021ba \u00eentre utilizatorii site-ului.<\/blockquote>\r\n<blockquote><b>Cookie-uri de utilizare a site-ul<\/b><b>ui\u00a0<\/b>&#8211; Cookie-uri care stocheaz\u0103 informa\u021bii cum sunt bifa de \u201dRemember me\u201d de pe formularul de login.<\/blockquote>\r\n<blockquote><b>Cookie-uri legate de re\u021belele sociale<\/b>\u00a0&#8211; Cookie folosite de elementele de social media, cum ar fi elementele de integrare cu Facebook, sau H\u0103r\u021bile Google.<\/blockquote>\r\n<blockquote><b>Cookie-uri statistice<\/b>\u00a0&#8211; Cookie-uri care ne ajut\u0103 s\u0103 m\u0103sur\u0103m performan\u021ba site-ului. De exemplu, cookie-uri care ne ajut\u0103 s\u0103 m\u0103sur\u0103m elemente de conversie \u00een Google Analytics sau Facebook.<\/blockquote>\r\n<blockquote><b>Cookie-uri legate de reclame<\/b>\u00a0&#8211; Cookie de remarchetare, cum ar fi cookie de la Google AdWords.\r\nMai multe detalii:\u00a0<a href=\"https:\/\/business.safety.google\/privacy\/\" target=\"_blank\" rel=\"noopener\" data-saferedirecturl=\"https:\/\/www.google.com\/url?q=https:\/\/business.safety.google\/privacy\/&amp;source=gmail&amp;ust=1732008324820000&amp;usg=AOvVaw3jWxpQHk21Kxn2ul4E7_uf\">https:\/\/business.safety.google\/privacy\/<\/a>\u00a0 &amp;\u00a0\u00a0<a href=\"https:\/\/policies.google.com\/privacy\" target=\"_blank\" rel=\"noopener\" data-saferedirecturl=\"https:\/\/www.google.com\/url?q=https:\/\/policies.google.com\/privacy&amp;source=gmail&amp;ust=1732008324820000&amp;usg=AOvVaw2IMjEVT--kG1kPge6QioHD\">https:\/\/policies.google.com\/privacy<\/a><\/blockquote>\r\n<blockquote><b>Cookie-uri legate de comportament\u00a0<\/b>&#8211;<b><\/b>\u00a0Cookie pentru stocarea unor ac\u021biuni ale utilizatorului.<\/blockquote>\r\nAlte cookie-uri ale tertelor parti\r\n\r\nPe unele pagini,tertii pot seta propriile cookie-uri anonime, in scopul de a urmari succesul unei aplicatii, sau pentru a customiza o aplicatie. Datorita modului de utilizare, acest site nu poate accesa aceste cookie-uri, la fel cum tertele parti nu pot accesa cookie-urile detinute de acest site.\r\n\r\nDe exemplu, cand distribuiti un articol folosind butonul pentru retelele sociale aflat pe acest site, acea retea sociala va inregistra activitatea dvs.\r\n<h4>Ce tip de informatii sunt stocate si accesate prin intermediul cookie-urilor?<\/h4>\r\nCookie-urile pastreaza informatii intr-un fisier text de mici dimensiuni care permit unui website sa recunoasca un browser. Webserverul va recunoaste browserul pana cand cookie-ul expira sau este sters. Cookie-ul stocheaza informatii importante care imbunatatesc experienta de navigare pe Internet ( ex: setarile limbii in care se doreste accesarea unui site; pastrarea unui user logat in contul de webmail; securitatea online banking;pastrarea produselor in cosul de cumparaturi)\r\n<h4>De ce sunt cookie-urile importante pentru Internet?<\/h4>\r\nCookie-urile reprezinta punctul central al functionarii eficiente a lnternetului, ajutand la generarea unei experiente de navigare prietenoase si adaptata preferintelor si intereselor fiecarui utilizator. Refuzarea sau dezactivarea cookieurilor poate face unele site-uri imposibil de folosit.\r\n\r\nRefuzarea sau dezactivarea cookie-urilor nu inseamna ca nu veti mai primi publicitate online &#8211; ci doar ca aceasta nu va mai putea tine cont de preferintele si interesele dvs, evidentiate prin comportamentul de navigare.\r\n\r\nExemple de intrebuintari importante ale cookieurilor ( care nu necesita autentificarea unui utilizator prin intermediul unui cont):\r\n<ul>\r\n \t<li style=\"list-style-type: none;\">\r\n<ul>\r\n \t<li style=\"list-style-type: none;\">\r\n<ul>\r\n \t<li>Continut si servicii adaptate preferintelor utilizatorului &#8211; categorii de stiri, vreme, sport, harti, servicii publice si guvernamentale, site-uri de entertainment si servicii de travel.<\/li>\r\n \t<li>Oferte adaptate pe interesele utilizatorilor &#8211; retinerea parolelor, preferintele de limba ( Ex: afisarea rezultatelor cautarilor in limba Romana).<\/li>\r\n \t<li>Retinerea filtrelor de protectie a copiilor privind continutul pe Internet (optiuni family mode,<\/li>\r\n \t<li>Limitarea frecventei de difuzare a reclamelor &#8211; limitarea numarului de afisari a unei reclame pentru un anumit utilizator pe un site.<\/li>\r\n \t<li>Furnizarea de publicitate mai relevanta pentru utilizator.<\/li>\r\n \t<li>Masurarea, optimizare si caracteristicile de analytics &#8211; cum ar fi confirmarea unui anumit nivel de trafic pe un website, ce tip de continut este vizualizat si modul cum un utilizator ajunge pe un website (ex prin motoare de cautare, direct, din alte website-uri etc).<\/li>\r\n<\/ul>\r\n<\/li>\r\n<\/ul>\r\n<\/li>\r\n<\/ul>\r\n<h4>Securitate si probleme legate de confidentialitate<\/h4>\r\nCookieurile NU sunt virusi ! Ele folosesc formate tip plain text. Nu sunt a lcatuite din bucati de cod asa ca nu pot fi executate nici nu pot auto-rula. In consecinta, nu se pot duplica sau replica pe alte retele pentru a se rula sau replica din nou. Deoarece nu pot indeplini aceste functii, nu pot fi considerate virusi.\r\n\r\nCookie-urile pot fi totusi folosite pentru scopuri negative. Deoarece stocheaza informatii despre preferintele si istoricul de navigare al utilizatorilor, atat pe un anume site cat si pe mai multe alte site\u00ad uri,cookieurile pot fi folosite ca o forma de Spyware. Multe produse anti-spyware sunt constiente de acest fa pt si in mod constant marcheaza cookie-urile pentru a fi sterse in cadrul procedurilor de stergere\/scana re anti-virus\/anti-spyware.\r\n\r\nIn general browserele au integrate setari de confidentialitate care furnizeaza diferite nivele de acceptare a cookieurilor, perioada de valabilitate si stergere automata dupa ce utilizatorul a vizitat un anumit site.\r\n<h4>Alte aspecte de securitate legate de cookie-uri<\/h4>\r\nDeoarece protectia identitatii este foarte valoroasa si reprezinta dreptul fiecarui utilizator de internet, este indicat sa se stie ce eventuale probleme pot crea cookieurile. Pentru ca prin intermediul lor se transmit in mod constant in ambele sensuri informatii intre browser si website, daca un atacator sau persoana neautorizata intervine in parcursul de transmitere a datelor, informatiile continute de cookie pot fi interceptate.\u00a0<strong>Desi foarte rar,\u00a0<\/strong><i>acest lucru se poate intampla daca browserul se conecteaza la server<\/i>\u00a0<i>folosind o retea necriptata (ex: o retea WiFi nesecurizata).<\/i>\r\n\r\nAlte atacuri bazate pe cookie implica setari gresite ale cookieurilor pe servere. Daca un website nu solicita browserului sa foloseasca doar canale criptate. atacatorii pot folosi aceasta vulnerabilitate\u00a0<u>pentru a pacali browserele\u00a0<\/u>in a trimite informatii prin intermediul canalelor nesecurizate. Atacatorii utilizeaza a poi informatiile in scopuri de a accesa neautorizat anumite site-uri. Este foarte important sa fiti atenti in alegerea metodei celei mai potrivite de protectie a informatiilor personale.\r\n<h4>Sfaturi pentru o navigare sigura si responsabila, bazata pe cookies.<\/h4>\r\nDatorita flexibilitatii lor si a faptului ca majoritatea dintre cele mai vizitate site-uri si cele mai mari folosesc cookieuri, acestea sunt aproape inevitabile. Dezactivarea cookie-urilor nu va permite accesul utilizatorului pe site-urile cele mai raspandite si utilizate printre care Youtube, Gmail,Yahoo si altele. lata cateva sfaturi care va pot asigura ca navigati fara griji insa cu ajutorul cookieurilor:\r\n<ul>\r\n \t<li style=\"list-style-type: none;\">\r\n<ul>\r\n \t<li style=\"list-style-type: none;\">\r\n<ul>\r\n \t<li>Particularizati-va setarile browserului in ceea ce priveste cookie-urile pentru a reflecta un nivel confortabil pentru voi al securitatii utilizarii cookie-urilor.<\/li>\r\n \t<li>Daca nu va deranjeaza cookie-urile si sunteti singura persoana care utilizaeaza computerul, puteti seta termene lunigi de expirare pentru stocarea istoricului de navigare si al datelor persona le de acces.<\/li>\r\n \t<li>Daca impartiti accesul la calculator, puteti lua in considerare setarea browserului pentru a sterge datele individuale de navigare de fiecare data cand inchideti browserul. Aceasta este o varianta de a accesa site-urile care plaseaza cookieuri si de a sterge orice informatie de vizitare la inchiderea sesiunii navigare.<\/li>\r\n \t<li>lnstalati-va si updatati-va constant aplicatii antispyware.<\/li>\r\n<\/ul>\r\n<\/li>\r\n<\/ul>\r\n<\/li>\r\n<\/ul>\r\nMulte dintre aplicatiile de detectare si prevenire a spyware-ului includ detectarea atacurilor pe site-uri. Astfel,impiedica browserul de la a accesa website-uri care ar putea sa exploateze vulnerabilitatil e browserului sau sa descarce software periculos.\u00a0<strong><u>Asigurati-va ca aveti browserul mereu updatat.\u00a0<\/u><\/strong>Multe dintre atacurile bazate pe cookies se realizeaza exploatand punctele slabe ale versiunilor vechi ale browserelor.\r\n\r\nCookie-urile sunt pretutindeni si nu pot fi evitate daca doriti sa va bucurati de acces pe cele mai bune si cele mai mari site-uri de pe Internet &#8211; locale sau internationale. Cu o intelegere clara a modului lor de opera re si a beneficiilor pe care le aduc, puteti lua masurile necesare de securitate astel incat sa puteti naviga cu incredere pe internet.\r\n<h4>Cum pot opri cookie-urile?<\/h4>\r\nDezactivarea si refuzul de a primi cookie-uri pot face anumite site-uri impracticabile sau dificil de vizitat si folosit. De asemenea, refuzul de a accepta cookie-uri nu inseamna ca nu veti mai primi\/vedea publicitate online.\r\n\r\nEste posibila setarea din browser pentru ca aceste cookie-uri sa nu mai fie acceptate sau poti seta browserul sa accepte cookie-uri de la un site anume. Dar, de exemplu, daca nu esti inregistat folosind cookie-urile, nu vei putea lasa comentarii.\r\n\r\nToate browserele moderne ofera posibilitatea de a schimba setarile cookie-urilor. Aceste setari se gasesc de regula in &#8222;optiuni&#8221; sau in meniul de &#8222;preferinte&#8221; al browserului tau.\r\n\r\nPentru a intelege aceste setari, urmatoarele linkuri pot fi folositoare, altfel puteti folosi optiunea &#8222;ajutor&#8221; a browserului pentru mai multe detalii.\r\n\r\n<a href=\"https:\/\/support.microsoft.com\/en-us\/kb\/196955\" target=\"_blank\" rel=\"nofollow noopener\">Cookie settings in Internet Explorer<\/a>\r\n\r\n<a href=\"https:\/\/support.mozilla.org\/en-US\/kb\/cookies-information-websites-store-on-your-computer?redirectlocale=en-US&amp;redirectslug=Cookies\" target=\"_blank\" rel=\"nofollow noopener\">Cookie settings in Firefox<\/a>\r\n\r\n<a href=\"https:\/\/support.google.com\/chrome\/answer\/95647?hl=en\" target=\"_blank\" rel=\"nofollow noopener\">Cookie settings in Chrome<\/a>\r\n\r\n<a href=\"https:\/\/support.apple.com\/kb\/PH5042?locale=en_US\" target=\"_blank\" rel=\"nofollow noopener\">Cookie settings in Safari<\/a>\r\n\r\nPentru setarile cookie-urilor generate de terti, puteti consulta si site-ul:\u00a0<a href=\"http:\/\/www.youronlinechoices.com\/ro\/\" target=\"_blank\" rel=\"nofollow noopener\">http:\/\/www.youronlinechoices.com\/ro\/<\/a>","protected":false},"excerpt":{"rendered":"<p>Site-ul peurmeletrecutului.ro\u00a0utilizeaza cookie-uri. lnformatiile prezentate in continuare au scopul de a aduce la cunostinta utilizatorului mai multe detalii despre plasarea, utilizarea si administrarea &#8222;cookie&#8221;-urilor utilizate de site-ul peurmeletrecutului.ro. De asemenea, sunt prezente si cateva linkuri utile legate de acest subiect. In cazul in care aveti nevoie de mai multe informatii, si ele nu se regasesc [&hellip;]<\/p>\n","protected":false},"author":1,"featured_media":0,"parent":0,"menu_order":0,"comment_status":"closed","ping_status":"closed","template":"","meta":{"footnotes":""},"class_list":["post-5780","page","type-page","status-publish","hentry"],"yoast_head":"<!-- This site is optimized with the Yoast SEO plugin v27.4 - https:\/\/yoast.com\/product\/yoast-seo-wordpress\/ -->\n<title>Politica de utilizare a Cookie-urilor - Pe Urmele Trecutului<\/title>\n<meta name=\"robots\" content=\"index, follow, max-snippet:-1, max-image-preview:large, max-video-preview:-1\" \/>\n<link rel=\"canonical\" href=\"https:\/\/peurmeletrecutului.ro\/en\/politica-de-utilizare-a-cookie-urilor\/\" \/>\n<meta property=\"og:locale\" content=\"en_GB\" \/>\n<meta property=\"og:type\" content=\"article\" \/>\n<meta property=\"og:title\" content=\"Politica de utilizare a Cookie-urilor - Pe Urmele Trecutului\" \/>\n<meta property=\"og:description\" content=\"Site-ul peurmeletrecutului.ro\u00a0utilizeaza cookie-uri. lnformatiile prezentate in continuare au scopul de a aduce la cunostinta utilizatorului mai multe detalii despre plasarea, utilizarea si administrarea &#8222;cookie&#8221;-urilor utilizate de site-ul peurmeletrecutului.ro. De asemenea, sunt prezente si cateva linkuri utile legate de acest subiect. In cazul in care aveti nevoie de mai multe informatii, si ele nu se regasesc [&hellip;]\" \/>\n<meta property=\"og:url\" content=\"https:\/\/peurmeletrecutului.ro\/en\/politica-de-utilizare-a-cookie-urilor\/\" \/>\n<meta property=\"og:site_name\" content=\"Pe Urmele Trecutului\" \/>\n<meta property=\"article:modified_time\" content=\"2025-08-04T15:41:40+00:00\" \/>\n<meta name=\"twitter:card\" content=\"summary_large_image\" \/>\n<meta name=\"twitter:label1\" content=\"Estimated reading time\" \/>\n\t<meta name=\"twitter:data1\" content=\"10 minutes\" \/>\n<!-- \/ Yoast SEO plugin. -->","yoast_head_json":{"title":"Politica de utilizare a Cookie-urilor - Pe Urmele Trecutului","robots":{"index":"index","follow":"follow","max-snippet":"max-snippet:-1","max-image-preview":"max-image-preview:large","max-video-preview":"max-video-preview:-1"},"canonical":"https:\/\/peurmeletrecutului.ro\/en\/politica-de-utilizare-a-cookie-urilor\/","og_locale":"en_GB","og_type":"article","og_title":"Politica de utilizare a Cookie-urilor - Pe Urmele Trecutului","og_description":"Site-ul peurmeletrecutului.ro\u00a0utilizeaza cookie-uri. lnformatiile prezentate in continuare au scopul de a aduce la cunostinta utilizatorului mai multe detalii despre plasarea, utilizarea si administrarea &#8222;cookie&#8221;-urilor utilizate de site-ul peurmeletrecutului.ro. De asemenea, sunt prezente si cateva linkuri utile legate de acest subiect. In cazul in care aveti nevoie de mai multe informatii, si ele nu se regasesc [&hellip;]","og_url":"https:\/\/peurmeletrecutului.ro\/en\/politica-de-utilizare-a-cookie-urilor\/","og_site_name":"Pe Urmele Trecutului","article_modified_time":"2025-08-04T15:41:40+00:00","twitter_card":"summary_large_image","twitter_misc":{"Estimated reading time":"10 minutes"},"schema":{"@context":"https:\/\/schema.org","@graph":[{"@type":"WebPage","@id":"https:\/\/peurmeletrecutului.ro\/politica-de-utilizare-a-cookie-urilor\/","url":"https:\/\/peurmeletrecutului.ro\/politica-de-utilizare-a-cookie-urilor\/","name":"Politica de utilizare a Cookie-urilor - Pe Urmele Trecutului","isPartOf":{"@id":"https:\/\/peurmeletrecutului.ro\/#website"},"datePublished":"2025-08-04T15:37:30+00:00","dateModified":"2025-08-04T15:41:40+00:00","breadcrumb":{"@id":"https:\/\/peurmeletrecutului.ro\/politica-de-utilizare-a-cookie-urilor\/#breadcrumb"},"inLanguage":"en-GB","potentialAction":[{"@type":"ReadAction","target":["https:\/\/peurmeletrecutului.ro\/politica-de-utilizare-a-cookie-urilor\/"]}]},{"@type":"BreadcrumbList","@id":"https:\/\/peurmeletrecutului.ro\/politica-de-utilizare-a-cookie-urilor\/#breadcrumb","itemListElement":[{"@type":"ListItem","position":1,"name":"Prima pagin\u0103","item":"https:\/\/peurmeletrecutului.ro\/"},{"@type":"ListItem","position":2,"name":"Politica de utilizare a Cookie-urilor"}]},{"@type":"WebSite","@id":"https:\/\/peurmeletrecutului.ro\/#website","url":"https:\/\/peurmeletrecutului.ro\/","name":"On the Trails of the Past","description":"Povestea vie\u021bii mele","potentialAction":[{"@type":"SearchAction","target":{"@type":"EntryPoint","urlTemplate":"https:\/\/peurmeletrecutului.ro\/?s={search_term_string}"},"query-input":{"@type":"PropertyValueSpecification","valueRequired":true,"valueName":"search_term_string"}}],"inLanguage":"en-GB"}]}},"_links":{"self":[{"href":"https:\/\/peurmeletrecutului.ro\/en\/wp-json\/wp\/v2\/pages\/5780","targetHints":{"allow":["GET"]}}],"collection":[{"href":"https:\/\/peurmeletrecutului.ro\/en\/wp-json\/wp\/v2\/pages"}],"about":[{"href":"https:\/\/peurmeletrecutului.ro\/en\/wp-json\/wp\/v2\/types\/page"}],"author":[{"embeddable":true,"href":"https:\/\/peurmeletrecutului.ro\/en\/wp-json\/wp\/v2\/users\/1"}],"replies":[{"embeddable":true,"href":"https:\/\/peurmeletrecutului.ro\/en\/wp-json\/wp\/v2\/comments?post=5780"}],"version-history":[{"count":4,"href":"https:\/\/peurmeletrecutului.ro\/en\/wp-json\/wp\/v2\/pages\/5780\/revisions"}],"predecessor-version":[{"id":5785,"href":"https:\/\/peurmeletrecutului.ro\/en\/wp-json\/wp\/v2\/pages\/5780\/revisions\/5785"}],"wp:attachment":[{"href":"https:\/\/peurmeletrecutului.ro\/en\/wp-json\/wp\/v2\/media?parent=5780"}],"curies":[{"name":"wp","href":"https:\/\/api.w.org\/{rel}","templated":true}]}}