{"id":34,"date":"2024-09-24T09:39:17","date_gmt":"2024-09-24T09:39:17","guid":{"rendered":"http:\/\/source.wpopal.com\/bokifa\/?page_id=34"},"modified":"2025-08-21T12:28:45","modified_gmt":"2025-08-21T12:28:45","slug":"contact","status":"publish","type":"page","link":"https:\/\/peurmeletrecutului.ro\/en\/contact\/","title":{"rendered":"Contact"},"content":{"rendered":"<div data-elementor-type=\"wp-page\" data-elementor-id=\"34\" class=\"elementor elementor-34\">\n\t\t\t\t<div class=\"elementor-element elementor-element-7c6ca30 e-flex e-con-boxed e-con e-parent\" data-id=\"7c6ca30\" data-element_type=\"container\" data-e-type=\"container\">\n\t\t\t\t\t<div class=\"e-con-inner\">\n\t\t<div class=\"elementor-element elementor-element-eca9692 e-con-full e-flex e-con e-child\" data-id=\"eca9692\" data-element_type=\"container\" data-e-type=\"container\">\n\t\t\t\t<div class=\"elementor-element elementor-element-9a2584a elementor-widget elementor-widget-heading\" data-id=\"9a2584a\" data-element_type=\"widget\" data-e-type=\"widget\" data-widget_type=\"heading.default\">\n\t\t\t\t\t<h3 class=\"elementor-heading-title elementor-size-default\">Send a message<\/h3>\t\t\t\t<\/div>\n\t\t\t\t<div class=\"elementor-element elementor-element-248f84a elementor-widget__width-initial elementor-widget elementor-widget-text-editor\" data-id=\"248f84a\" data-element_type=\"widget\" data-e-type=\"widget\" data-widget_type=\"text-editor.default\">\n\t\t\t\t\t\t\t\t\t<p>Please fill out the form below, write your question or comment, and we will reply as soon as possible<\/p>\t\t\t\t\t\t\t\t<\/div>\n\t\t\t\t<div class=\"elementor-element elementor-element-54d8f3d elementor-widget elementor-widget-bokifa-contactform\" data-id=\"54d8f3d\" data-element_type=\"widget\" data-e-type=\"widget\" data-widget_type=\"bokifa-contactform.default\">\n\t\t\t\t<div class=\"elementor-widget-container\">\n\t\t\t\t\t\n<div class=\"wpcf7 no-js\" id=\"wpcf7-f5183-o1\" lang=\"en-US\" dir=\"ltr\" data-wpcf7-id=\"5183\">\n<div class=\"screen-reader-response\"><p role=\"status\" aria-live=\"polite\" aria-atomic=\"true\"><\/p> <ul><\/ul><\/div>\n<form action=\"\/en\/wp-json\/wp\/v2\/pages\/34#wpcf7-f5183-o1\" method=\"post\" class=\"wpcf7-form init\" aria-label=\"Contact form\" novalidate=\"novalidate\" data-status=\"init\" data-trp-original-action=\"\/en\/wp-json\/wp\/v2\/pages\/34#wpcf7-f5183-o1\">\n<fieldset class=\"hidden-fields-container\"><input type=\"hidden\" name=\"_wpcf7\" value=\"5183\" \/><input type=\"hidden\" name=\"_wpcf7_version\" value=\"6.1.5\" \/><input type=\"hidden\" name=\"_wpcf7_locale\" value=\"en_US\" \/><input type=\"hidden\" name=\"_wpcf7_unit_tag\" value=\"wpcf7-f5183-o1\" \/><input type=\"hidden\" name=\"_wpcf7_container_post\" value=\"0\" \/><input type=\"hidden\" name=\"_wpcf7_posted_data_hash\" value=\"\" \/>\n<\/fieldset>\n<div class=\"row\">\n\t<div class=\"column-12\">\n\t\t<p><label>Subject<\/label><span class=\"wpcf7-form-control-wrap\" data-name=\"your-message\"><textarea cols=\"40\" rows=\"3\" maxlength=\"2000\" class=\"wpcf7-form-control wpcf7-textarea wpcf7-validates-as-required\" aria-required=\"true\" aria-invalid=\"false\" placeholder=\"\" name=\"your-message\"><\/textarea><\/span>\n\t\t<\/p>\n\t<\/div>\n<\/div>\n<div class=\"row\">\n\t<div class=\"column-tablet-6 column-12\">\n\t\t<p><label>First Name and Last Name<\/label><span class=\"wpcf7-form-control-wrap\" data-name=\"your-name\"><input size=\"40\" maxlength=\"400\" class=\"wpcf7-form-control wpcf7-text wpcf7-validates-as-required\" id=\"form-name-2\" aria-required=\"true\" aria-invalid=\"false\" placeholder=\"\" value=\"\" type=\"text\" name=\"your-name\" \/><\/span>\n\t\t<\/p>\n\t<\/div>\n\t<div class=\"column-tablet-6 column-12\">\n\t\t<p><label>e-mail<\/label><span class=\"wpcf7-form-control-wrap\" data-name=\"your-email\"><input size=\"40\" maxlength=\"400\" class=\"wpcf7-form-control wpcf7-email wpcf7-validates-as-required wpcf7-text wpcf7-validates-as-email\" id=\"form-email-2\" aria-required=\"true\" aria-invalid=\"false\" placeholder=\"\" value=\"\" type=\"email\" name=\"your-email\" \/><\/span>\n\t\t<\/p>\n\t<\/div>\n<\/div>\n<div class=\"wpcf7-button\">\n\t<p><button class=\"btn-slip-effect\" data-text=\"send request\" type=\"submit\" value=\"Submit\"><br \/>\n<span class=\"elementor-button-text\">Send<\/span><span><i class=\"bokifa-icon-chevron-right\"><\/i><\/span><\/button>\n\t<\/p>\n<\/div>\n<div class=\"wpcf7-response-output\" aria-hidden=\"true\"><\/div>\n<input type=\"hidden\" name=\"trp-form-language\" value=\"en\"\/><\/form>\n<\/div>\n\t\t\t\t<\/div>\n\t\t\t\t<\/div>\n\t\t\t\t<\/div>\n\t\t\t\t\t<\/div>\n\t\t\t\t<\/div>\n\t\t\t\t<\/div>","protected":false},"excerpt":{"rendered":"<p>Trimite\u021bi un mesaj Completa\u021bi formularul de mai jos, scrie\u021bi \u00eentrebarea sau comentariul dvs. \u0219i v\u0103 vom r\u0103spunde c\u00e2t mai cur\u00e2nd posibil. subiect Nume \u0219i prenume adresa ta de email Trimite<\/p>","protected":false},"author":1,"featured_media":0,"parent":0,"menu_order":0,"comment_status":"closed","ping_status":"closed","template":"","meta":{"footnotes":""},"class_list":["post-34","page","type-page","status-publish","hentry"],"yoast_head":"<!-- This site is optimized with the Yoast SEO plugin v27.4 - https:\/\/yoast.com\/product\/yoast-seo-wordpress\/ -->\n<title>Contact - Pe Urmele Trecutului<\/title>\n<meta name=\"robots\" content=\"index, follow, max-snippet:-1, max-image-preview:large, max-video-preview:-1\" \/>\n<link rel=\"canonical\" href=\"https:\/\/peurmeletrecutului.ro\/en\/contact\/\" \/>\n<meta property=\"og:locale\" content=\"en_GB\" \/>\n<meta property=\"og:type\" content=\"article\" \/>\n<meta property=\"og:title\" content=\"Contact - Pe Urmele Trecutului\" \/>\n<meta property=\"og:description\" content=\"Trimite\u021bi un mesaj Completa\u021bi formularul de mai jos, scrie\u021bi \u00eentrebarea sau comentariul dvs. \u0219i v\u0103 vom r\u0103spunde c\u00e2t mai cur\u00e2nd posibil. subiect Nume \u0219i prenume adresa ta de email Trimite\" \/>\n<meta property=\"og:url\" content=\"https:\/\/peurmeletrecutului.ro\/en\/contact\/\" \/>\n<meta property=\"og:site_name\" content=\"Pe Urmele Trecutului\" \/>\n<meta property=\"article:modified_time\" content=\"2025-08-21T12:28:45+00:00\" \/>\n<meta name=\"twitter:card\" content=\"summary_large_image\" \/>\n<meta name=\"twitter:label1\" content=\"Estimated reading time\" \/>\n\t<meta name=\"twitter:data1\" content=\"1 minute\" \/>\n<!-- \/ Yoast SEO plugin. -->","yoast_head_json":{"title":"Contact - Pe Urmele Trecutului","robots":{"index":"index","follow":"follow","max-snippet":"max-snippet:-1","max-image-preview":"max-image-preview:large","max-video-preview":"max-video-preview:-1"},"canonical":"https:\/\/peurmeletrecutului.ro\/en\/contact\/","og_locale":"en_GB","og_type":"article","og_title":"Contact - Pe Urmele Trecutului","og_description":"Trimite\u021bi un mesaj Completa\u021bi formularul de mai jos, scrie\u021bi \u00eentrebarea sau comentariul dvs. \u0219i v\u0103 vom r\u0103spunde c\u00e2t mai cur\u00e2nd posibil. subiect Nume \u0219i prenume adresa ta de email Trimite","og_url":"https:\/\/peurmeletrecutului.ro\/en\/contact\/","og_site_name":"Pe Urmele Trecutului","article_modified_time":"2025-08-21T12:28:45+00:00","twitter_card":"summary_large_image","twitter_misc":{"Estimated reading time":"1 minute"},"schema":{"@context":"https:\/\/schema.org","@graph":[{"@type":"WebPage","@id":"https:\/\/peurmeletrecutului.ro\/contact\/","url":"https:\/\/peurmeletrecutului.ro\/contact\/","name":"Contact - Pe Urmele Trecutului","isPartOf":{"@id":"https:\/\/peurmeletrecutului.ro\/#website"},"datePublished":"2024-09-24T09:39:17+00:00","dateModified":"2025-08-21T12:28:45+00:00","breadcrumb":{"@id":"https:\/\/peurmeletrecutului.ro\/contact\/#breadcrumb"},"inLanguage":"en-GB","potentialAction":[{"@type":"ReadAction","target":["https:\/\/peurmeletrecutului.ro\/contact\/"]}]},{"@type":"BreadcrumbList","@id":"https:\/\/peurmeletrecutului.ro\/contact\/#breadcrumb","itemListElement":[{"@type":"ListItem","position":1,"name":"Prima pagin\u0103","item":"https:\/\/peurmeletrecutului.ro\/"},{"@type":"ListItem","position":2,"name":"Contact"}]},{"@type":"WebSite","@id":"https:\/\/peurmeletrecutului.ro\/#website","url":"https:\/\/peurmeletrecutului.ro\/","name":"On the Trails of the Past","description":"Povestea vie\u021bii mele","potentialAction":[{"@type":"SearchAction","target":{"@type":"EntryPoint","urlTemplate":"https:\/\/peurmeletrecutului.ro\/?s={search_term_string}"},"query-input":{"@type":"PropertyValueSpecification","valueRequired":true,"valueName":"search_term_string"}}],"inLanguage":"en-GB"}]}},"_links":{"self":[{"href":"https:\/\/peurmeletrecutului.ro\/en\/wp-json\/wp\/v2\/pages\/34","targetHints":{"allow":["GET"]}}],"collection":[{"href":"https:\/\/peurmeletrecutului.ro\/en\/wp-json\/wp\/v2\/pages"}],"about":[{"href":"https:\/\/peurmeletrecutului.ro\/en\/wp-json\/wp\/v2\/types\/page"}],"author":[{"embeddable":true,"href":"https:\/\/peurmeletrecutului.ro\/en\/wp-json\/wp\/v2\/users\/1"}],"replies":[{"embeddable":true,"href":"https:\/\/peurmeletrecutului.ro\/en\/wp-json\/wp\/v2\/comments?post=34"}],"version-history":[{"count":24,"href":"https:\/\/peurmeletrecutului.ro\/en\/wp-json\/wp\/v2\/pages\/34\/revisions"}],"predecessor-version":[{"id":5942,"href":"https:\/\/peurmeletrecutului.ro\/en\/wp-json\/wp\/v2\/pages\/34\/revisions\/5942"}],"wp:attachment":[{"href":"https:\/\/peurmeletrecutului.ro\/en\/wp-json\/wp\/v2\/media?parent=34"}],"curies":[{"name":"wp","href":"https:\/\/api.w.org\/{rel}","templated":true}]}}